{"id":1209,"date":"2016-10-26T16:06:07","date_gmt":"2016-10-26T14:06:07","guid":{"rendered":"http:\/\/178.32.78.51\/~vg2016\/en\/privacy-policy\/"},"modified":"2017-05-18T22:10:10","modified_gmt":"2017-05-18T20:10:10","slug":"privacy-policy","status":"publish","type":"page","link":"https:\/\/villagrant.it\/en\/privacy-policy\/","title":{"rendered":"Privacy policy"},"content":{"rendered":"<p><strong>Privacy e cookie<\/strong><\/p>\n<p>Con il presente documento, ai sensi degli artt. 13 e 122 del D. Lgs. 196\/2003 (&#8220;codice privacy&#8221;), nonch\u00e9 in base a quanto previsto dal Provvedimento generale del Garante privacy dell&#8217;8 maggio 2014, il presente titolare Villa Grant fornisce agli utenti del sito www.villagrant.it alcune informazioni relative ai cookie utilizzati.<\/p>\n<p><strong>Cosa sono i cookie<\/strong><\/p>\n<p>Un &#8220;cookie&#8221; \u00e8 un piccolo file di testo creato sul computer dell&#8217;utente al momento in cui questo accede ad un determinato sito, con lo scopo di immagazzinare e trasportare informazioni. I cookie sono inviati da un server web (che \u00e8 il computer sul quale \u00e8 in esecuzione il sito web visitato) al browser dell&#8217;utente (Internet Explorer, Mozilla Firefox, Google Chrome, ecc.) e memorizzati sul computer di quest&#8217;ultimo; vengono, quindi, re-inviati al sito web al momento delle visite successive.<\/p>\n<p>Nel corso della navigazione l&#8217;utente potrebbe ricevere sul suo terminale anche cookie di siti diversi (c.d. cookies di &#8220;terze parti&#8221;), impostati direttamente da gestori di detti siti web e utilizzati per le finalit\u00e0 e secondo le modalit\u00e0 da questi definiti.<\/p>\n<p><strong>Tipologie di cookie utilizzate dal presente sito<\/strong><\/p>\n<p>Cookie del Titolare<\/p>\n<p>Il sito www.villagrant.it utilizza solo cookie tecnici, rispetto ai quali, ai sensi dell&#8217;art. 122 del codice privacy e del Provvedimento del Garante dell&#8217;8 maggio 2014, non \u00e8 richiesto alcun consenso da parte dell&#8217;interessato.<\/p>\n<p>Pi\u00f9 precisamente il sito utilizza:<\/p>\n<ul>\n<li>Cookie tecnici strettamente necessari per consentire la navigazione da parte dell&#8217;utente, in assenza dei quali il sito web non potrebbe funzionare correttamente;<\/li>\n<\/ul>\n<ul>\n<li>Cookie tecnici funzionali, che agevolano la navigazione dell&#8217;utente;<\/li>\n<\/ul>\n<p>Cookie di terze parti<\/p>\n<p><strong>Google Analytics<\/strong><\/p>\n<p>Il Sito utilizza Google Analytics. Si tratta di un servizio di analisi web fornito da Google Inc. (&#8220;Google&#8221;) che utilizza dei cookie che vengono depositati sul computer dell&#8217;utente per consentire analisi statistiche in forma aggregata in ordine all&#8217;utilizzo del sito web visitato.<\/p>\n<p>I Dati generati da Google Analytics sono conservati da Google cos\u00ec come indicato nella Informativa reperibile al link\u00a0<a href=\"https:\/\/developers.google.com\/analytics\/devguides\/collection\/analyticsjs\/cookie-usage\">https:\/\/developers.google.com\/analytics\/devguides\/collection\/analyticsjs\/cookie-usage<\/a>.<\/p>\n<p>Per consultare l&#8217;informativa privacy della societ\u00e0 Google Inc., titolare autonomo del trattamento dei dati relativi al servizio Google Analytics, si rinvia al sito Internet\u00a0<a href=\"http:\/\/www.google.com\/intl\/en\/analytics\/privacyoverview.html\">http:\/\/www.google.com\/intl\/en\/analytics\/privacyoverview.html<\/a>.<\/p>\n<p><strong>Pulsanti e widget di social network<\/strong><\/p>\n<p>I Social buttons sono quei particolari &#8220;pulsanti&#8221; presenti sul sito che raffigurano le icone di social network (esempio, Facebook e Twitter) e consentono agli utenti che stanno navigando di interagire con un &#8220;click&#8221; direttamente con le piattaforme social.<\/p>\n<p>Il sito incorpora pulsanti e widget di Facebook, Google e Twitter, che comportano l&#8217;installazione di cookie, anche profilanti, di detti Social. Nessuna informazione viene invece condivisa dal sito in cui il pulsante e widget \u00e8 incorporato. Per maggiori informazioni, anche sulla disattivazione di tali cookie, si consiglia di consultare i seguenti link:<\/p>\n<p><strong>Per Twitter<\/strong>\u00a0(Twitter inc.)<\/p>\n<ul>\n<li>Policy Privacy:\u00a0<a href=\"http:\/\/twitter.com\/privacy\">http:\/\/twitter.com\/privacy<\/a><\/li>\n<li>Policy Cookie:\u00a0<a href=\"https:\/\/support.twitter.com\/articles\/20170519-uso-dei-cookie-e-di-altre-tecnologie-simili-da-parte-di-twitter\">https:\/\/support.twitter.com\/articles\/20170519-uso-dei-cookie-e-di-altre-tecnologie-simili-da-parte-di-twitter#<\/a><\/li>\n<\/ul>\n<p><strong>Per Facebook<\/strong>\u00a0(Facebook inc.)<\/p>\n<ul>\n<li>Policy Cookie:\u00a0<a href=\"https:\/\/www.facebook.com\/help\/cookies\">https:\/\/www.facebook.com\/help\/cookies<\/a><\/li>\n<\/ul>\n<p><strong>Per Google<\/strong>\u00a0(Google inc.)<\/p>\n<ul>\n<li>Policy Privacy:\u00a0<a href=\"https:\/\/www.google.it\/intl\/it\/policies\/privacy\/#infocollect\">https:\/\/www.google.it\/intl\/it\/policies\/privacy\/#infocollect<\/a><\/li>\n<li>Policy Cookie:\u00a0<a href=\"https:\/\/www.google.it\/intl\/it\/policies\/technologies\/cookies\/\">https:\/\/www.google.it\/intl\/it\/policies\/technologies\/cookies\/<\/a><\/li>\n<\/ul>\n<p><strong>Modalit\u00e0\u00a0 del trattamento<\/strong><\/p>\n<p>Il trattamento viene effettuato con strumenti automatizzati dal Titolare. Non viene effettuata alcuna diffusione o comunicazione.<\/p>\n<p><strong>Conferimento dei dati<\/strong><\/p>\n<p>Fatta eccezione per i cookie tecnici strettamente necessari alla normale navigazione, l&#8217;interessato pu\u00f2 evitare l&#8217;installazione dei cookie attraverso apposite funzioni disponibili sul proprio browser.<\/p>\n<p><strong>Disabilitazione dei cookie<\/strong><\/p>\n<p>Fermo restando quanto sopra indicato in ordine ai cookie strettamente necessari alla navigazione, l&#8217;utente pu\u00f2 eliminare gli altri cookie attraverso la funzionalit\u00e0 a tal fine messa a disposizione dal Titolare tramite la presente informativa oppure direttamente tramite il proprio browser.<br \/>\nCiascun browser presenta procedure diverse per la gestione delle impostazioni. L&#8217;utente pu\u00f2 ottenere istruzioni specifiche attraverso i link sottostanti.<\/p>\n<ul>\n<li>Microsoft Windows Explorer:\u00a0<a href=\"http:\/\/windows.microsoft.com\/it-it\/windows\/search#q=cookie\">http:\/\/windows.microsoft.com\/it-it\/windows\/search#q=cookie<\/a><\/li>\n<li>Google Chrome:\u00a0<a href=\"https:\/\/support.google.com\/chrome\/bin\/answer.py?hl=it&amp;answer=95647&amp;p=cpn_cookies\">https:\/\/support.google.com\/chrome\/bin\/answer.py?hl=it&amp;answer=95647&amp;p=cpn_cookies<\/a><\/li>\n<li>Mozilla Firefox:\u00a0<a href=\"http:\/\/support.mozilla.org\/it-IT\/kb\/Enabling%20and%20disabling%20cookies\">http:\/\/support.mozilla.org\/it-IT\/kb\/Enabling%20and%20disabling%20cookies<\/a><\/li>\n<li>Apple Safari:\u00a0<a href=\"http:\/\/support.apple.com\/kb\/PH17191?viewlocale=it_IT&amp;locale=it_IT\">http:\/\/support.apple.com\/kb\/PH17191?viewlocale=it_IT&amp;locale=it_IT<\/a><\/li>\n<\/ul>\n<p>La disattivazione dei cookie di terze parti \u00e8 inoltre possibile attraverso le modalit\u00e0 rese disponibili direttamente dalla societ\u00e0 terza titolare per detto trattamento, come indicato ai link riportati nel paragrafo &#8220;cookie di terze parti&#8221;.<\/p>\n<p><strong>Diritti dell&#8217;interessato<\/strong><\/p>\n<p>L&#8217;interessato potr\u00e0 far valere in ogni momento, rivolgendosi al titolare del trattamento tramite l&#8217;invio di una mail all&#8217;indirizzo<a href=\"mailto:villagrant@villagrant.it\">villagrant@villagrant.it<\/a>,\u00a0i diritti di cui all&#8217;art. 7 del D.Lgs. 30 giugno 2003 n. 196, che di seguito si riporta testualmente.<\/p>\n<p><strong>Art. 7 D. Lgs. 196\/2003<\/strong><\/p>\n<ol>\n<li>L&#8217;interessato ha diritto di ottenere la conferma dell&#8217;esistenza o meno di dati personali che lo riguardano, anche se non ancora registrati, e la loro comunicazione in forma intelligibile.<\/li>\n<li>L&#8217;interessato ha diritto di ottenere l&#8217;indicazione:\n<ol>\n<li>dell&#8217;origine dei dati personali;<\/li>\n<li>delle finalit\u00e0 e modalit\u00e0 del trattamento;<\/li>\n<li>della logica applicata in caso di trattamento effettuato con l&#8217;ausilio di strumenti elettronici;<\/li>\n<li>degli estremi identificativi del titolare, dei responsabili e del rappresentante designato ai sensi dell&#8217;articolo 5, comma 2;<\/li>\n<li>dei soggetti o delle categorie di soggetti ai quali i dati personali possono essere comunicati o che possono venirne a conoscenza in qualit\u00e0 di rappresentante designato nel territorio dello Stato, di responsabili o incaricati.<\/li>\n<\/ol>\n<\/li>\n<li>L&#8217;interessato ha diritto di ottenere:\n<ol>\n<li>l&#8217;aggiornamento, la rettificazione ovvero, quando vi ha interesse, l&#8217;integrazione dei dati;<\/li>\n<li>la cancellazione, la trasformazione in forma anonima o il blocco dei dati trattati in violazione di legge, compresi quelli di cui non \u00e8 necessaria la conservazione in relazione agli scopi per i quali i dati sono stati raccolti o successivamente trattati;<\/li>\n<li>l&#8217;attestazione che le operazioni di cui alle lettere a) e b) sono state portate a conoscenza, anche per quanto riguarda il loro contenuto, di coloro ai quali i dati sono stati comunicati o diffusi, eccettuato il caso in cui tale adempimento si rivela impossibile o comporta un impiego di mezzi manifestamente sproporzionato rispetto al diritto tutelato.<\/li>\n<\/ol>\n<\/li>\n<li>L&#8217;interessato ha diritto di opporsi, in tutto o in parte:\n<ol>\n<li>per motivi legittimi al trattamento dei dati personali che lo riguardano, ancorch\u00e9 pertinenti allo scopo della raccolta;<\/li>\n<li>al trattamento di dati personali che lo riguardano a fini di invio di materiale pubblicitario o di vendita diretta o per il compimento di ricerche di mercato o di comunicazione commerciale.<\/li>\n<\/ol>\n<\/li>\n<\/ol>\n","protected":false},"excerpt":{"rendered":"<p>Privacy e cookie Con il presente documento, ai sensi degli artt. 13 e 122 del D. Lgs. 196\/2003 (&#8220;codice privacy&#8221;), nonch\u00e9 in base a quanto previsto dal Provvedimento generale del Garante privacy dell&#8217;8 maggio 2014, il presente titolare Villa Grant fornisce agli utenti del sito www.villagrant.it alcune informazioni relative ai cookie utilizzati. Cosa sono i  [&#8230;]<\/p>\n","protected":false},"author":1,"featured_media":0,"parent":0,"menu_order":0,"comment_status":"closed","ping_status":"closed","template":"","meta":{"footnotes":""},"class_list":["post-1209","page","type-page","status-publish","hentry"],"yoast_head":"<!-- This site is optimized with the Yoast SEO plugin v27.4 - https:\/\/yoast.com\/product\/yoast-seo-wordpress\/ -->\n<title>Privacy policy | Villa Grant<\/title>\n<meta name=\"robots\" content=\"index, follow, max-snippet:-1, max-image-preview:large, max-video-preview:-1\" \/>\n<link rel=\"canonical\" href=\"https:\/\/villagrant.it\/en\/privacy-policy\/\" \/>\n<meta property=\"og:locale\" content=\"en_US\" \/>\n<meta property=\"og:type\" content=\"article\" \/>\n<meta property=\"og:title\" content=\"Privacy policy | Villa Grant\" \/>\n<meta property=\"og:description\" content=\"Privacy e cookie Con il presente documento, ai sensi degli artt. 13 e 122 del D. Lgs. 196\/2003 (&#8220;codice privacy&#8221;), nonch\u00e9 in base a quanto previsto dal Provvedimento generale del Garante privacy dell&#8217;8 maggio 2014, il presente titolare Villa Grant fornisce agli utenti del sito www.villagrant.it alcune informazioni relative ai cookie utilizzati. Cosa sono i [...]\" \/>\n<meta property=\"og:url\" content=\"https:\/\/villagrant.it\/en\/privacy-policy\/\" \/>\n<meta property=\"og:site_name\" content=\"Villa Grant\" \/>\n<meta property=\"article:publisher\" content=\"https:\/\/www.facebook.com\/Villa-Grant-495125307179019\/\" \/>\n<meta property=\"article:modified_time\" content=\"2017-05-18T20:10:10+00:00\" \/>\n<meta name=\"twitter:card\" content=\"summary_large_image\" \/>\n<meta name=\"twitter:label1\" content=\"Est. reading time\" \/>\n\t<meta name=\"twitter:data1\" content=\"5 minutes\" \/>\n<script type=\"application\/ld+json\" class=\"yoast-schema-graph\">{\"@context\":\"https:\\\/\\\/schema.org\",\"@graph\":[{\"@type\":\"WebPage\",\"@id\":\"https:\\\/\\\/villagrant.it\\\/en\\\/privacy-policy\\\/\",\"url\":\"https:\\\/\\\/villagrant.it\\\/en\\\/privacy-policy\\\/\",\"name\":\"Privacy policy | Villa Grant\",\"isPartOf\":{\"@id\":\"https:\\\/\\\/villagrant.it\\\/#website\"},\"datePublished\":\"2016-10-26T14:06:07+00:00\",\"dateModified\":\"2017-05-18T20:10:10+00:00\",\"breadcrumb\":{\"@id\":\"https:\\\/\\\/villagrant.it\\\/en\\\/privacy-policy\\\/#breadcrumb\"},\"inLanguage\":\"en-US\",\"potentialAction\":[{\"@type\":\"ReadAction\",\"target\":[\"https:\\\/\\\/villagrant.it\\\/en\\\/privacy-policy\\\/\"]}]},{\"@type\":\"BreadcrumbList\",\"@id\":\"https:\\\/\\\/villagrant.it\\\/en\\\/privacy-policy\\\/#breadcrumb\",\"itemListElement\":[{\"@type\":\"ListItem\",\"position\":1,\"name\":\"Home\",\"item\":\"https:\\\/\\\/villagrant.it\\\/en\\\/\"},{\"@type\":\"ListItem\",\"position\":2,\"name\":\"Privacy policy\"}]},{\"@type\":\"WebSite\",\"@id\":\"https:\\\/\\\/villagrant.it\\\/#website\",\"url\":\"https:\\\/\\\/villagrant.it\\\/\",\"name\":\"Villa Grant\",\"description\":\"\",\"publisher\":{\"@id\":\"https:\\\/\\\/villagrant.it\\\/#organization\"},\"potentialAction\":[{\"@type\":\"SearchAction\",\"target\":{\"@type\":\"EntryPoint\",\"urlTemplate\":\"https:\\\/\\\/villagrant.it\\\/?s={search_term_string}\"},\"query-input\":{\"@type\":\"PropertyValueSpecification\",\"valueRequired\":true,\"valueName\":\"search_term_string\"}}],\"inLanguage\":\"en-US\"},{\"@type\":\"Organization\",\"@id\":\"https:\\\/\\\/villagrant.it\\\/#organization\",\"name\":\"Villa Grant\",\"url\":\"https:\\\/\\\/villagrant.it\\\/\",\"logo\":{\"@type\":\"ImageObject\",\"inLanguage\":\"en-US\",\"@id\":\"https:\\\/\\\/villagrant.it\\\/#\\\/schema\\\/logo\\\/image\\\/\",\"url\":\"https:\\\/\\\/villagrant.it\\\/wp-content\\\/uploads\\\/2016\\\/09\\\/villa-grant-logo-e1473260619616.png\",\"contentUrl\":\"https:\\\/\\\/villagrant.it\\\/wp-content\\\/uploads\\\/2016\\\/09\\\/villa-grant-logo-e1473260619616.png\",\"width\":175,\"height\":55,\"caption\":\"Villa Grant\"},\"image\":{\"@id\":\"https:\\\/\\\/villagrant.it\\\/#\\\/schema\\\/logo\\\/image\\\/\"},\"sameAs\":[\"https:\\\/\\\/www.facebook.com\\\/Villa-Grant-495125307179019\\\/\"]}]}<\/script>\n<!-- \/ Yoast SEO plugin. -->","yoast_head_json":{"title":"Privacy policy | Villa Grant","robots":{"index":"index","follow":"follow","max-snippet":"max-snippet:-1","max-image-preview":"max-image-preview:large","max-video-preview":"max-video-preview:-1"},"canonical":"https:\/\/villagrant.it\/en\/privacy-policy\/","og_locale":"en_US","og_type":"article","og_title":"Privacy policy | Villa Grant","og_description":"Privacy e cookie Con il presente documento, ai sensi degli artt. 13 e 122 del D. Lgs. 196\/2003 (&#8220;codice privacy&#8221;), nonch\u00e9 in base a quanto previsto dal Provvedimento generale del Garante privacy dell&#8217;8 maggio 2014, il presente titolare Villa Grant fornisce agli utenti del sito www.villagrant.it alcune informazioni relative ai cookie utilizzati. Cosa sono i [...]","og_url":"https:\/\/villagrant.it\/en\/privacy-policy\/","og_site_name":"Villa Grant","article_publisher":"https:\/\/www.facebook.com\/Villa-Grant-495125307179019\/","article_modified_time":"2017-05-18T20:10:10+00:00","twitter_card":"summary_large_image","twitter_misc":{"Est. reading time":"5 minutes"},"schema":{"@context":"https:\/\/schema.org","@graph":[{"@type":"WebPage","@id":"https:\/\/villagrant.it\/en\/privacy-policy\/","url":"https:\/\/villagrant.it\/en\/privacy-policy\/","name":"Privacy policy | Villa Grant","isPartOf":{"@id":"https:\/\/villagrant.it\/#website"},"datePublished":"2016-10-26T14:06:07+00:00","dateModified":"2017-05-18T20:10:10+00:00","breadcrumb":{"@id":"https:\/\/villagrant.it\/en\/privacy-policy\/#breadcrumb"},"inLanguage":"en-US","potentialAction":[{"@type":"ReadAction","target":["https:\/\/villagrant.it\/en\/privacy-policy\/"]}]},{"@type":"BreadcrumbList","@id":"https:\/\/villagrant.it\/en\/privacy-policy\/#breadcrumb","itemListElement":[{"@type":"ListItem","position":1,"name":"Home","item":"https:\/\/villagrant.it\/en\/"},{"@type":"ListItem","position":2,"name":"Privacy policy"}]},{"@type":"WebSite","@id":"https:\/\/villagrant.it\/#website","url":"https:\/\/villagrant.it\/","name":"Villa Grant","description":"","publisher":{"@id":"https:\/\/villagrant.it\/#organization"},"potentialAction":[{"@type":"SearchAction","target":{"@type":"EntryPoint","urlTemplate":"https:\/\/villagrant.it\/?s={search_term_string}"},"query-input":{"@type":"PropertyValueSpecification","valueRequired":true,"valueName":"search_term_string"}}],"inLanguage":"en-US"},{"@type":"Organization","@id":"https:\/\/villagrant.it\/#organization","name":"Villa Grant","url":"https:\/\/villagrant.it\/","logo":{"@type":"ImageObject","inLanguage":"en-US","@id":"https:\/\/villagrant.it\/#\/schema\/logo\/image\/","url":"https:\/\/villagrant.it\/wp-content\/uploads\/2016\/09\/villa-grant-logo-e1473260619616.png","contentUrl":"https:\/\/villagrant.it\/wp-content\/uploads\/2016\/09\/villa-grant-logo-e1473260619616.png","width":175,"height":55,"caption":"Villa Grant"},"image":{"@id":"https:\/\/villagrant.it\/#\/schema\/logo\/image\/"},"sameAs":["https:\/\/www.facebook.com\/Villa-Grant-495125307179019\/"]}]}},"publishpress_future_action":{"enabled":false,"date":"2026-04-29 00:19:23","action":"change-status","newStatus":"draft","terms":[],"taxonomy":"translation_priority","extraData":[]},"publishpress_future_workflow_manual_trigger":{"enabledWorkflows":[]},"_links":{"self":[{"href":"https:\/\/villagrant.it\/en\/wp-json\/wp\/v2\/pages\/1209","targetHints":{"allow":["GET"]}}],"collection":[{"href":"https:\/\/villagrant.it\/en\/wp-json\/wp\/v2\/pages"}],"about":[{"href":"https:\/\/villagrant.it\/en\/wp-json\/wp\/v2\/types\/page"}],"author":[{"embeddable":true,"href":"https:\/\/villagrant.it\/en\/wp-json\/wp\/v2\/users\/1"}],"replies":[{"embeddable":true,"href":"https:\/\/villagrant.it\/en\/wp-json\/wp\/v2\/comments?post=1209"}],"version-history":[{"count":1,"href":"https:\/\/villagrant.it\/en\/wp-json\/wp\/v2\/pages\/1209\/revisions"}],"predecessor-version":[{"id":1297,"href":"https:\/\/villagrant.it\/en\/wp-json\/wp\/v2\/pages\/1209\/revisions\/1297"}],"wp:attachment":[{"href":"https:\/\/villagrant.it\/en\/wp-json\/wp\/v2\/media?parent=1209"}],"curies":[{"name":"wp","href":"https:\/\/api.w.org\/{rel}","templated":true}]}}